{"id":15262,"date":"2021-01-11T18:44:51","date_gmt":"2021-01-11T23:44:51","guid":{"rendered":"\/bravenly-recipe-book\/"},"modified":"2024-04-17T05:35:51","modified_gmt":"2024-04-17T09:35:51","slug":"bravenly-recipe-book","status":"publish","type":"page","link":"\/es\/bravenly-recipe-book\/","title":{"rendered":"Bravenly Recipe Book"},"content":{"rendered":"<p>[et_pb_section fb_built=&#8221;1&#8243; custom_padding_last_edited=&#8221;off|desktop&#8221; admin_label=&#8221;Header Section&#8221; _builder_version=&#8221;4.7.4&#8243; use_background_color_gradient=&#8221;on&#8221; background_color_gradient_start=&#8221;rgba(255,255,255,0.64)&#8221; background_color_gradient_end=&#8221;rgba(255,255,255,0)&#8221; background_color_gradient_start_position=&#8221;40%&#8221; background_color_gradient_overlays_image=&#8221;on&#8221; background_image=&#8221;\/wp-content\/uploads\/2021\/01\/Website-Images.png&#8221; custom_padding=&#8221;8%|0px|19.9%|0px||&#8221; custom_padding_tablet=&#8221;320px|0px|0px|0px&#8221;][et_pb_row admin_label=&#8221;Header Row&#8221; _builder_version=&#8221;4.7.4&#8243; custom_padding=&#8221;161px|||||&#8221;][et_pb_column type=&#8221;4_4&#8243; _builder_version=&#8221;3.25&#8243; custom_padding=&#8221;|||&#8221; custom_padding__hover=&#8221;|||&#8221;][et_pb_text _builder_version=&#8221;4.7.4&#8243; text_font=&#8221;Open Sans|600|||||||&#8221; text_font_size=&#8221;16px&#8221; text_line_height=&#8221;1.8em&#8221; header_font=&#8221;Tenor Sans|||on|||||&#8221; header_font_size=&#8221;62px&#8221; header_letter_spacing=&#8221;5px&#8221; header_line_height=&#8221;1.4em&#8221; text_orientation=&#8221;center&#8221; max_width=&#8221;976px&#8221; module_alignment=&#8221;center&#8221; animation_style=&#8221;fade&#8221;]<\/p>\n<h1>BRAVENLY RECIPE BOOK<\/h1>\n<p>[\/et_pb_text][\/et_pb_column][\/et_pb_row][\/et_pb_section][et_pb_section fb_built=&#8221;1&#8243; _builder_version=&#8221;4.7.4&#8243; _module_preset=&#8221;default&#8221;][et_pb_row _builder_version=&#8221;4.7.4&#8243; _module_preset=&#8221;default&#8221;][et_pb_column _builder_version=&#8221;4.7.4&#8243; _module_preset=&#8221;default&#8221; type=&#8221;4_4&#8243;][et_pb_text _builder_version=&#8221;4.7.4&#8243; _module_preset=&#8221;default&#8221; header_font_size=&#8221;46px&#8221; text_font_size=&#8221;23px&#8221; text_line_height=&#8221;1.9em&#8221; hover_enabled=&#8221;0&#8243; sticky_enabled=&#8221;0&#8243;]<\/p>\n<h1 style=\"text-align: center;\">\u00a1BIENVENIDO AL RECETARIO DE BRAVENLY!<\/h1>\n<p style=\"text-align: center;\">Pruebe estas deliciosas comidas, aperitivos, golosinas y mucho m\u00e1s. <\/p>\n<p>[\/et_pb_text][\/et_pb_column][\/et_pb_row][\/et_pb_section][et_pb_section fb_built=&#8221;1&#8243; _builder_version=&#8221;3.22&#8243; custom_padding=&#8221;0px|0px|15px|0px||&#8221;][et_pb_row column_structure=&#8221;1_2,1_2&#8243; admin_label=&#8221;Recipe Row&#8221; _builder_version=&#8221;3.25&#8243; custom_margin=&#8221;|||&#8221; custom_padding=&#8221;50px|0px|50px|0px&#8221;][et_pb_column type=&#8221;1_2&#8243; _builder_version=&#8221;3.25&#8243; custom_padding=&#8221;|||&#8221; custom_padding__hover=&#8221;|||&#8221;][et_pb_image src=&#8221;\/wp-content\/uploads\/2021\/01\/1-2.png&#8221; title_text=&#8221;1&#8243; align_tablet=&#8221;center&#8221; align_phone=&#8221;&#8221; align_last_edited=&#8221;on|desktop&#8221; _builder_version=&#8221;4.7.4&#8243; animation_style=&#8221;slide&#8221; animation_direction=&#8221;right&#8221; animation_intensity_slide=&#8221;10%&#8221;][\/et_pb_image][\/et_pb_column][et_pb_column type=&#8221;1_2&#8243; _builder_version=&#8221;3.25&#8243; custom_padding=&#8221;|||&#8221; custom_padding__hover=&#8221;|||&#8221;][et_pb_cta title=&#8221;Creamy Golden Chicken Skillet&#8221; button_url=&#8221;https:\/\/www.thekitchn.com\/recipe-creamy-turmeric-chicken-skillet-258516&#8243; _builder_version=&#8221;4.7.4&#8243; header_font=&#8221;Tenor Sans|||on|||||&#8221; header_font_size=&#8221;28px&#8221; header_line_height=&#8221;1.1em&#8221; body_font=&#8221;Tenor Sans|600|||||||&#8221; body_font_size=&#8221;14px&#8221; body_line_height=&#8221;1.3em&#8221; use_background_color=&#8221;off&#8221; text_orientation=&#8221;left&#8221; background_layout=&#8221;light&#8221; custom_margin=&#8221;-5px|||||&#8221; custom_margin_tablet=&#8221;0px|||&#8221; custom_margin_phone=&#8221;&#8221; custom_margin_last_edited=&#8221;on|tablet&#8221; hover_enabled=&#8221;0&#8243; button_text_color_hover=&#8221;#ffffff&#8221; button_border_color_hover=&#8221;rgba(0,0,0,0)&#8221; button_border_radius_hover=&#8221;28px&#8221; button_letter_spacing_hover=&#8221;2px&#8221; button_bg_color_hover=&#8221;rgba(0,0,0,0.7)&#8221; button_text_size__hover_enabled=&#8221;off&#8221; button_one_text_size__hover_enabled=&#8221;off&#8221; button_two_text_size__hover_enabled=&#8221;off&#8221; button_text_color__hover_enabled=&#8221;on&#8221; button_text_color__hover=&#8221;#ffffff&#8221; button_one_text_color__hover_enabled=&#8221;off&#8221; button_two_text_color__hover_enabled=&#8221;off&#8221; button_border_width__hover_enabled=&#8221;off&#8221; button_one_border_width__hover_enabled=&#8221;off&#8221; button_two_border_width__hover_enabled=&#8221;off&#8221; button_border_color__hover_enabled=&#8221;on&#8221; button_border_color__hover=&#8221;rgba(0,0,0,0)&#8221; button_one_border_color__hover_enabled=&#8221;off&#8221; button_two_border_color__hover_enabled=&#8221;off&#8221; button_border_radius__hover_enabled=&#8221;on&#8221; button_border_radius__hover=&#8221;28px&#8221; button_one_border_radius__hover_enabled=&#8221;off&#8221; button_two_border_radius__hover_enabled=&#8221;off&#8221; button_letter_spacing__hover_enabled=&#8221;on&#8221; button_letter_spacing__hover=&#8221;2px&#8221; button_one_letter_spacing__hover_enabled=&#8221;off&#8221; button_two_letter_spacing__hover_enabled=&#8221;off&#8221; button_bg_color__hover_enabled=&#8221;on&#8221; button_bg_color__hover=&#8221;rgba(0,0,0,0.7)&#8221; button_one_bg_color__hover_enabled=&#8221;off&#8221; button_two_bg_color__hover_enabled=&#8221;off&#8221; sticky_enabled=&#8221;0&#8243; button_text=&#8221;VIEW FULL RECIPE&#8221;]<\/p>\n<p>Ingredients:<\/p>\n<ul>\n<li class=\"Recipe__ingredient\">2 tablespoons unsalted butter<\/li>\n<li class=\"Recipe__ingredient\">1 medium yellow onion, thinly sliced<\/li>\n<li class=\"Recipe__ingredient\">1 tablespoon peeled and minced fresh turmeric root<\/li>\n<li class=\"Recipe__ingredient\">1\/4 teaspoon freshly ground black pepper<\/li>\n<li class=\"Recipe__ingredient\">1\/2 teaspoon kosher salt, plus more for seasoning<\/li>\n<li class=\"Recipe__ingredient\">1 1\/2 pounds boneless, skinless chicken thighs<\/li>\n<li class=\"Recipe__ingredient\">1 1\/2 teaspoons ground turmeric<\/li>\n<li class=\"Recipe__ingredient\">1\/2 cup dry white wine<\/li>\n<li class=\"Recipe__ingredient\">1\/2 cup heavy cream<\/li>\n<li class=\"Recipe__ingredient\">1\/2 cup low-sodium chicken broth<\/li>\n<li class=\"Recipe__ingredient\">Cooked basmati or jasmine rice, for serving<\/li>\n<li class=\"Recipe__ingredient\">Chopped fresh cilantro leaves and tender stems, for garnish<\/li>\n<li class=\"Recipe__ingredient\">Add 1 Scoop Bravenly Gold for EXTRA benefits!<\/li>\n<\/ul>\n<p>[\/et_pb_cta][\/et_pb_column][\/et_pb_row][et_pb_row column_structure=&#8221;1_2,1_2&#8243; admin_label=&#8221;Recipe Row&#8221; _builder_version=&#8221;3.25&#8243; custom_margin=&#8221;|||&#8221; custom_padding=&#8221;50px|0px|50px|0px&#8221;][et_pb_column type=&#8221;1_2&#8243; _builder_version=&#8221;3.25&#8243; custom_padding=&#8221;|||&#8221; custom_padding__hover=&#8221;|||&#8221;][et_pb_cta title=&#8221;Golden Milk Latte&#8221; button_url=&#8221;#top&#8221; _builder_version=&#8221;4.7.4&#8243; header_font=&#8221;Tenor Sans|||on|||||&#8221; header_font_size=&#8221;45px&#8221; header_letter_spacing=&#8221;3px&#8221; header_line_height=&#8221;1.4em&#8221; body_font=&#8221;Tenor Sans|600|||||||&#8221; body_font_size=&#8221;16px&#8221; body_line_height=&#8221;1.8em&#8221; use_background_color=&#8221;off&#8221; custom_button=&#8221;on&#8221; button_text_size=&#8221;14px&#8221; button_text_color=&#8221;#ffffff&#8221; button_bg_color=&#8221;#000000&#8243; button_border_width=&#8221;10px&#8221; button_border_color=&#8221;rgba(0,0,0,0)&#8221; button_border_radius=&#8221;30px&#8221; button_letter_spacing=&#8221;2px&#8221; button_font=&#8221;Open Sans|700||on|||||&#8221; button_use_icon=&#8221;off&#8221; text_orientation=&#8221;left&#8221; background_layout=&#8221;light&#8221; custom_margin=&#8221;0px|||||&#8221; custom_margin_tablet=&#8221;0px|||&#8221; custom_margin_phone=&#8221;&#8221; custom_margin_last_edited=&#8221;on|tablet&#8221; hover_enabled=&#8221;0&#8243; button_text_color_hover=&#8221;#ffffff&#8221; button_border_color_hover=&#8221;rgba(0,0,0,0)&#8221; button_border_radius_hover=&#8221;28px&#8221; button_letter_spacing_hover=&#8221;2px&#8221; button_bg_color_hover=&#8221;rgba(0,0,0,0.7)&#8221; button_text_size__hover_enabled=&#8221;off&#8221; button_one_text_size__hover_enabled=&#8221;off&#8221; button_two_text_size__hover_enabled=&#8221;off&#8221; button_text_color__hover_enabled=&#8221;on&#8221; button_text_color__hover=&#8221;#ffffff&#8221; button_one_text_color__hover_enabled=&#8221;off&#8221; button_two_text_color__hover_enabled=&#8221;off&#8221; button_border_width__hover_enabled=&#8221;off&#8221; button_one_border_width__hover_enabled=&#8221;off&#8221; button_two_border_width__hover_enabled=&#8221;off&#8221; button_border_color__hover_enabled=&#8221;on&#8221; button_border_color__hover=&#8221;rgba(0,0,0,0)&#8221; button_one_border_color__hover_enabled=&#8221;off&#8221; button_two_border_color__hover_enabled=&#8221;off&#8221; button_border_radius__hover_enabled=&#8221;on&#8221; button_border_radius__hover=&#8221;28px&#8221; button_one_border_radius__hover_enabled=&#8221;off&#8221; button_two_border_radius__hover_enabled=&#8221;off&#8221; button_letter_spacing__hover_enabled=&#8221;on&#8221; button_letter_spacing__hover=&#8221;2px&#8221; button_one_letter_spacing__hover_enabled=&#8221;off&#8221; button_two_letter_spacing__hover_enabled=&#8221;off&#8221; button_bg_color__hover_enabled=&#8221;on&#8221; button_bg_color__hover=&#8221;rgba(0,0,0,0.7)&#8221; button_one_bg_color__hover_enabled=&#8221;off&#8221; button_two_bg_color__hover_enabled=&#8221;off&#8221; sticky_enabled=&#8221;0&#8243;]<\/p>\n<p>&nbsp;<\/p>\n<h4><strong>Ingredients:<\/strong><\/h4>\n<ul>\n<li>Your choice of milk<\/li>\n<li>A dollop of honey<\/li>\n<li>1 Scoop of gold<\/li>\n<\/ul>\n<p>Directions:<\/p>\n<p>Warm milk to your temperature preference. Add 1 scoop of Bravenly\u2122 Gold. Add a dollop of honey. Froth until well mixed!<\/p>\n<p>[\/et_pb_cta][\/et_pb_column][et_pb_column type=&#8221;1_2&#8243; _builder_version=&#8221;3.25&#8243; custom_padding=&#8221;|||&#8221; custom_padding__hover=&#8221;|||&#8221;][et_pb_image src=&#8221;\/wp-content\/uploads\/2021\/01\/2-2.png&#8221; title_text=&#8221;2&#8243; align_tablet=&#8221;center&#8221; align_phone=&#8221;&#8221; align_last_edited=&#8221;on|desktop&#8221; _builder_version=&#8221;4.7.4&#8243; animation_style=&#8221;slide&#8221; animation_direction=&#8221;left&#8221; animation_intensity_slide=&#8221;10%&#8221;][\/et_pb_image][\/et_pb_column][\/et_pb_row][et_pb_row column_structure=&#8221;1_2,1_2&#8243; admin_label=&#8221;Recipe Row&#8221; _builder_version=&#8221;3.25&#8243; custom_margin=&#8221;|||&#8221; custom_padding=&#8221;50px|0px|24px|0px||&#8221;][et_pb_column type=&#8221;1_2&#8243; _builder_version=&#8221;3.25&#8243; custom_padding=&#8221;|||&#8221; custom_padding__hover=&#8221;|||&#8221;][et_pb_image src=&#8221;\/wp-content\/uploads\/2021\/01\/4-2.png&#8221; align_tablet=&#8221;center&#8221; align_phone=&#8221;&#8221; align_last_edited=&#8221;on|desktop&#8221; _builder_version=&#8221;4.7.4&#8243; animation_style=&#8221;slide&#8221; animation_direction=&#8221;right&#8221; animation_intensity_slide=&#8221;10%&#8221; hover_enabled=&#8221;0&#8243; title_text=&#8221;4&#8243; sticky_enabled=&#8221;0&#8243;][\/et_pb_image][\/et_pb_column][et_pb_column type=&#8221;1_2&#8243; _builder_version=&#8221;3.25&#8243; custom_padding=&#8221;|||&#8221; custom_padding__hover=&#8221;|||&#8221;][et_pb_cta title=&#8221;GOLDEN SUGAR COOKIES&#8221; button_url=&#8221;#top&#8221; _builder_version=&#8221;4.7.4&#8243; header_font=&#8221;Tenor Sans|||on|||||&#8221; header_font_size=&#8221;40px&#8221; header_line_height=&#8221;1.4em&#8221; body_font=&#8221;Tenor Sans|600|||||||&#8221; body_font_size=&#8221;16px&#8221; body_line_height=&#8221;1.8em&#8221; use_background_color=&#8221;off&#8221; text_orientation=&#8221;left&#8221; background_layout=&#8221;light&#8221; custom_margin=&#8221;-2px|||||&#8221; custom_margin_tablet=&#8221;0px|||&#8221; custom_margin_phone=&#8221;&#8221; custom_margin_last_edited=&#8221;on|tablet&#8221; hover_enabled=&#8221;0&#8243; button_text_color_hover=&#8221;#ffffff&#8221; button_border_color_hover=&#8221;rgba(0,0,0,0)&#8221; button_border_radius_hover=&#8221;28px&#8221; button_letter_spacing_hover=&#8221;2px&#8221; button_bg_color_hover=&#8221;rgba(0,0,0,0.7)&#8221; button_text_size__hover_enabled=&#8221;off&#8221; button_one_text_size__hover_enabled=&#8221;off&#8221; button_two_text_size__hover_enabled=&#8221;off&#8221; button_text_color__hover_enabled=&#8221;on&#8221; button_text_color__hover=&#8221;#ffffff&#8221; button_one_text_color__hover_enabled=&#8221;off&#8221; button_two_text_color__hover_enabled=&#8221;off&#8221; button_border_width__hover_enabled=&#8221;off&#8221; button_one_border_width__hover_enabled=&#8221;off&#8221; button_two_border_width__hover_enabled=&#8221;off&#8221; button_border_color__hover_enabled=&#8221;on&#8221; button_border_color__hover=&#8221;rgba(0,0,0,0)&#8221; button_one_border_color__hover_enabled=&#8221;off&#8221; button_two_border_color__hover_enabled=&#8221;off&#8221; button_border_radius__hover_enabled=&#8221;on&#8221; button_border_radius__hover=&#8221;28px&#8221; button_one_border_radius__hover_enabled=&#8221;off&#8221; button_two_border_radius__hover_enabled=&#8221;off&#8221; button_letter_spacing__hover_enabled=&#8221;on&#8221; button_letter_spacing__hover=&#8221;2px&#8221; button_one_letter_spacing__hover_enabled=&#8221;off&#8221; button_two_letter_spacing__hover_enabled=&#8221;off&#8221; button_bg_color__hover_enabled=&#8221;on&#8221; button_bg_color__hover=&#8221;rgba(0,0,0,0.7)&#8221; button_one_bg_color__hover_enabled=&#8221;off&#8221; button_two_bg_color__hover_enabled=&#8221;off&#8221; sticky_enabled=&#8221;0&#8243;]<\/p>\n<p><strong style=\"font-size: 18px;\">Ingredientes<\/strong><\/p>\n<ul>\n<li><span>1\/2 pound (2 sticks) unsalted butter, at room temperature<\/span><\/li>\n<li><span>1 2\/3 cups (333 grams) granulated sugar<\/span><\/li>\n<li><span>1 1\/4 teaspoons kosher salt<\/span><\/li>\n<li><span>2 large eggs<\/span><\/li>\n<li><span>2 teaspoons vanilla extract<\/span><\/li>\n<li><span>2 teaspoons of Bravenly\u2122 GOLD<\/span><\/li>\n<li><span>2 teaspoons baking powder<\/span><\/li>\n<li><span>2 1\/3 cups (299 grams) all-purpose flour<\/span><\/li>\n<\/ul>\n<p><span class=\"c-mrkdwn__br\" data-stringify-type=\"paragraph-break\"><\/span><span>Sugar crust<\/span><\/p>\n<ul>\n<li><span>1\/2 cup (100 grams) granulated sugar<\/span><\/li>\n<li><span>1 teaspoon ground turmeric<\/span><\/li>\n<\/ul>\n<p>[\/et_pb_cta][\/et_pb_column][\/et_pb_row][et_pb_row _builder_version=&#8221;4.7.4&#8243; _module_preset=&#8221;default&#8221; custom_padding=&#8221;0px||1px|||&#8221;][et_pb_column _builder_version=&#8221;4.7.4&#8243; _module_preset=&#8221;default&#8221; type=&#8221;4_4&#8243;][et_pb_text _builder_version=&#8221;4.7.4&#8243; _module_preset=&#8221;default&#8221; hover_enabled=&#8221;0&#8243; sticky_enabled=&#8221;0&#8243;]<\/p>\n<p><span>C\u00f3mo llegar:<\/span><\/p>\n<ul>\n<li><span>Caliente el horno a 375\u00b0 F. Forre dos bandejas para hornear con papel pergamino.<\/span><\/li>\n<li>A\u00f1adir la mantequilla, el az\u00facar y la sal al bol de una batidora de pie equipada con el accesorio de pala. Batir a velocidad media durante unos minutos hasta que quede ligero y esponjoso.<\/li>\n<li>A\u00f1adir los huevos y la vainilla. Contin\u00fae batiendo -de nuevo, raspando los lados seg\u00fan sea necesario- hasta que la masa est\u00e9 cohesionada y esponjosa.<\/li>\n<li>A\u00f1adir el ORO y la levadura en polvo y mezclar a velocidad baja. A\u00f1adir la harina y volver a mezclar a velocidad baja hasta que est\u00e9 completamente mezclada.<\/li>\n<li>Meter la masa en la nevera para que se endurezca durante unos 10 minutos. Mientras tanto, prepare la mezcla de la corteza de az\u00facar: En un taz\u00f3n peque\u00f1o, combine el az\u00facar y la c\u00farcuma, y revuelva.<\/li>\n<li>Hornear de 9 a 11 minutos hasta que se hinchen y se agrieten ligeramente. Se caer\u00e1n a medida que se enfr\u00eden.<\/li>\n<\/ul>\n<p>[\/et_pb_text][\/et_pb_column][\/et_pb_row][et_pb_row column_structure=&#8221;1_2,1_2&#8243; admin_label=&#8221;Recipe Row&#8221; _builder_version=&#8221;3.25&#8243; custom_margin=&#8221;|||&#8221; custom_padding=&#8221;83px|0px|50px|0px||&#8221;][et_pb_column type=&#8221;1_2&#8243; _builder_version=&#8221;3.25&#8243; custom_padding=&#8221;|||&#8221; custom_padding__hover=&#8221;|||&#8221;][et_pb_cta title=&#8221;BALANCING SMOOTHIE&#8221; button_url=&#8221;#top&#8221; _builder_version=&#8221;4.7.4&#8243; header_font=&#8221;Tenor Sans|||on|||||&#8221; header_font_size=&#8221;43px&#8221; header_line_height=&#8221;1.4em&#8221; body_font=&#8221;Tenor Sans|600|||||||&#8221; body_font_size=&#8221;16px&#8221; body_line_height=&#8221;1.8em&#8221; use_background_color=&#8221;off&#8221; text_orientation=&#8221;left&#8221; background_layout=&#8221;light&#8221; custom_margin=&#8221;0px|||||&#8221; custom_margin_tablet=&#8221;0px|||&#8221; custom_margin_phone=&#8221;&#8221; custom_margin_last_edited=&#8221;on|tablet&#8221; hover_enabled=&#8221;0&#8243; button_text_color_hover=&#8221;#ffffff&#8221; button_border_color_hover=&#8221;rgba(0,0,0,0)&#8221; button_border_radius_hover=&#8221;28px&#8221; button_letter_spacing_hover=&#8221;2px&#8221; button_bg_color_hover=&#8221;rgba(0,0,0,0.7)&#8221; button_text_size__hover_enabled=&#8221;off&#8221; button_one_text_size__hover_enabled=&#8221;off&#8221; button_two_text_size__hover_enabled=&#8221;off&#8221; button_text_color__hover_enabled=&#8221;on&#8221; button_text_color__hover=&#8221;#ffffff&#8221; button_one_text_color__hover_enabled=&#8221;off&#8221; button_two_text_color__hover_enabled=&#8221;off&#8221; button_border_width__hover_enabled=&#8221;off&#8221; button_one_border_width__hover_enabled=&#8221;off&#8221; button_two_border_width__hover_enabled=&#8221;off&#8221; button_border_color__hover_enabled=&#8221;on&#8221; button_border_color__hover=&#8221;rgba(0,0,0,0)&#8221; button_one_border_color__hover_enabled=&#8221;off&#8221; button_two_border_color__hover_enabled=&#8221;off&#8221; button_border_radius__hover_enabled=&#8221;on&#8221; button_border_radius__hover=&#8221;28px&#8221; button_one_border_radius__hover_enabled=&#8221;off&#8221; button_two_border_radius__hover_enabled=&#8221;off&#8221; button_letter_spacing__hover_enabled=&#8221;on&#8221; button_letter_spacing__hover=&#8221;2px&#8221; button_one_letter_spacing__hover_enabled=&#8221;off&#8221; button_two_letter_spacing__hover_enabled=&#8221;off&#8221; button_bg_color__hover_enabled=&#8221;on&#8221; button_bg_color__hover=&#8221;rgba(0,0,0,0.7)&#8221; button_one_bg_color__hover_enabled=&#8221;off&#8221; button_two_bg_color__hover_enabled=&#8221;off&#8221; sticky_enabled=&#8221;0&#8243;]<\/p>\n<h4><strong>Ingredientes<\/strong><\/h4>\n<ul>\n<li><span>1 Banana, frozen<\/span><\/li>\n<li><span>2 dates<\/span><\/li>\n<li><span>2 cups Spinach<\/span><\/li>\n<li><span>1\/2 Avocado<\/span><\/li>\n<li><span>Almond Mill<\/span><\/li>\n<li><span>2 tbsp Almond butter<\/span><\/li>\n<li><span>1 Scoop Bravenly\u2122 Balance<\/span><\/li>\n<\/ul>\n<p>[\/et_pb_cta][\/et_pb_column][et_pb_column type=&#8221;1_2&#8243; _builder_version=&#8221;3.25&#8243; custom_padding=&#8221;|||&#8221; custom_padding__hover=&#8221;|||&#8221;][et_pb_video src=&#8221;\/wp-content\/uploads\/2021\/01\/cute-little-graphics.mp4&#8243; _builder_version=&#8221;4.7.4&#8243; _module_preset=&#8221;default&#8221; title_text=&#8221;cute little graphics&#8221; hover_enabled=&#8221;0&#8243; sticky_enabled=&#8221;0&#8243;][\/et_pb_video][\/et_pb_column][\/et_pb_row][\/et_pb_section]<\/p>\n","protected":false},"excerpt":{"rendered":"<p>BRAVENLY RECIPE BOOK\u00a1BIENVENIDO AL RECETARIO DE BRAVENLY! Pruebe estas deliciosas comidas, aperitivos, golosinas y mucho m\u00e1s. Ingredients: 2 tablespoons unsalted butter 1 medium yellow onion, thinly sliced 1 tablespoon peeled and minced fresh turmeric root 1\/4 teaspoon freshly ground black pepper 1\/2 teaspoon kosher salt, plus more for seasoning 1 1\/2 pounds boneless, skinless chicken [&hellip;]<\/p>\n","protected":false},"author":191432655,"featured_media":0,"parent":0,"menu_order":0,"comment_status":"closed","ping_status":"closed","template":"","meta":{"_et_pb_use_builder":"on","_et_pb_old_content":"","_et_gb_content_width":"","_coblocks_attr":"","_coblocks_dimensions":"","_coblocks_responsive_height":"","_coblocks_accordion_ie_support":"","footnotes":""},"class_list":["post-15262","page","type-page","status-publish","hentry"],"_links":{"self":[{"href":"https:\/\/bravenlyglobal.com\/es\/wp-json\/wp\/v2\/pages\/15262","targetHints":{"allow":["GET"]}}],"collection":[{"href":"https:\/\/bravenlyglobal.com\/es\/wp-json\/wp\/v2\/pages"}],"about":[{"href":"https:\/\/bravenlyglobal.com\/es\/wp-json\/wp\/v2\/types\/page"}],"author":[{"embeddable":true,"href":"https:\/\/bravenlyglobal.com\/es\/wp-json\/wp\/v2\/users\/191432655"}],"replies":[{"embeddable":true,"href":"https:\/\/bravenlyglobal.com\/es\/wp-json\/wp\/v2\/comments?post=15262"}],"version-history":[{"count":0,"href":"https:\/\/bravenlyglobal.com\/es\/wp-json\/wp\/v2\/pages\/15262\/revisions"}],"wp:attachment":[{"href":"https:\/\/bravenlyglobal.com\/es\/wp-json\/wp\/v2\/media?parent=15262"}],"curies":[{"name":"wp","href":"https:\/\/api.w.org\/{rel}","templated":true}]}}